{"id":79,"date":"2024-06-17T11:29:48","date_gmt":"2024-06-17T11:29:48","guid":{"rendered":"https:\/\/pmbeauxarts.com\/?page_id=79"},"modified":"2024-06-22T08:24:21","modified_gmt":"2024-06-22T08:24:21","slug":"cours-de-peinture","status":"publish","type":"page","link":"https:\/\/pmbeauxarts.com\/index.php\/cours-de-peinture\/","title":{"rendered":"Cours de peinture"},"content":{"rendered":"\n<p>Je viens chez vous pour vous conseiller sur un projet ou vous aider \u00e0 d\u00e9velopper un ensemble de techniques \u00e0 l&#8217;huile qui vous permettra une approche plus sereine lors de votre pratique.<\/p>\n\n\n\n<p><a href=\"https:\/\/pmbeauxarts.com\/index.php\/contact\/\" data-type=\"page\" data-id=\"30\">Contactez-moi ici<\/a>.<\/p>\n\n\n\n<p>Quelques exemples de conseils :<\/p>\n\n\n\n<details class=\"wp-block-details is-layout-flow wp-block-details-is-layout-flow\"><summary>couleurs<\/summary>\n<p>&nbsp;avoir deux versions de chaque couleur primaire&nbsp;: rouge tendant vers l&#8217;orange, rouge tendant vers le violet, &#8230;<\/p>\n\n\n\n<p>Pas besoin de noir, il s&#8217;obtiendra par un m\u00e9lange; cela permet d&#8217;avoir des noirs color\u00e9s.<\/p>\n\n\n\n<p>Lire sur les tubes les pigments utilis\u00e9s et la transparence de la couleur.<\/p>\n\n\n\n<p>On peut griser une couleur soit en y ajoutant du gris, soit en y ajoutant sa compl\u00e9mentaire.<\/p>\n\n\n\n<p>Aux interfaces ombre \/ lumi\u00e8re, on peut forcer la saturation de la couleur.<\/p>\n\n\n\n<p>Si l&#8217;on a du mal \u00e0 analyser une couleur sur le mod\u00e8le on peut l\u00e9g\u00e8rement d\u00e9caler le point fix\u00e9 afin d&#8217;apporter une information contextuelle suppl\u00e9mentaire.<\/p>\n<\/details>\n\n\n\n<details class=\"wp-block-details is-layout-flow wp-block-details-is-layout-flow\"><summary>palette<\/summary>\n<p>La palette doit \u00eatre suffisamment grande; on y disposera les couleurs en quantit\u00e9 suffisante.<\/p>\n\n\n\n<p>La palette doit \u00eatre organis\u00e9e : les sombres seront d&#8217;un c\u00f4t\u00e9 de la palette et les clairs de l&#8217;autre.<\/p>\n\n\n\n<p>Si on a un m\u00e9dium sous forme solide on peut le disposer sur un c\u00f4t\u00e9 de la palette.<\/p>\n<\/details>\n\n\n\n<details class=\"wp-block-details is-layout-flow wp-block-details-is-layout-flow\"><summary>composition<\/summary>\n<p>Ne pas centrer le portrait rend le r\u00e9sultat plus dynamique.<\/p>\n\n\n\n<p>Laisser plus d&#8217;espace en dessous qu&#8217;au dessus rend le tableau plus a\u00e9rien.<\/p>\n<\/details>\n\n\n\n<details class=\"wp-block-details is-layout-flow wp-block-details-is-layout-flow\"><summary>dessin<\/summary>\n<p>Le dessin ici correspond au placement des masses color\u00e9es; la ressemblance mod\u00e8le \/ peinture d\u00e9pend largement de ce facteur.<\/p>\n\n\n\n<p>Il est plus facile de reporter un angle qu&#8217;une mesure de distance.<\/p>\n\n\n\n<p>On peut chercher dans le mod\u00e8le des formes simples comme le carr\u00e9 ou le triangle form\u00e9 par le support des sourcils et la base du nez, que l&#8217;on reporte sur la toile.<\/p>\n<\/details>\n\n\n\n<details class=\"wp-block-details is-layout-flow wp-block-details-is-layout-flow\"><summary>valeur<\/summary>\n<p>La valeur est l&#8217;opposition clair \/ sombre. Cet aspect est tr\u00e8s important car l&#8217;impression de volume en d\u00e9pend.<\/p>\n\n\n\n<p>Observer le mod\u00e8le en plissant les yeux r\u00e9guli\u00e8rement permet de mieux appr\u00e9cier les valeurs.<\/p>\n\n\n\n<p>Faire les ombres moins opaques que les lumi\u00e8res permet de donner une impression de volume suppl\u00e9mentaire en faisant &#8216;reculer&#8217; les ombres et &#8216;avancer&#8217; les lumi\u00e8res.<\/p>\n<\/details>\n","protected":false},"excerpt":{"rendered":"<p>Je viens chez vous pour vous conseiller sur un projet ou vous aider \u00e0 d\u00e9velopper un ensemble de techniques \u00e0 l&#8217;huile qui vous permettra une approche plus sereine lors de votre pratique. Contactez-moi ici. Quelques exemples de conseils :<\/p>\n","protected":false},"author":1,"featured_media":0,"parent":0,"menu_order":0,"comment_status":"closed","ping_status":"closed","template":"","meta":{"footnotes":""},"_links":{"self":[{"href":"https:\/\/pmbeauxarts.com\/index.php\/wp-json\/wp\/v2\/pages\/79"}],"collection":[{"href":"https:\/\/pmbeauxarts.com\/index.php\/wp-json\/wp\/v2\/pages"}],"about":[{"href":"https:\/\/pmbeauxarts.com\/index.php\/wp-json\/wp\/v2\/types\/page"}],"author":[{"embeddable":true,"href":"https:\/\/pmbeauxarts.com\/index.php\/wp-json\/wp\/v2\/users\/1"}],"replies":[{"embeddable":true,"href":"https:\/\/pmbeauxarts.com\/index.php\/wp-json\/wp\/v2\/comments?post=79"}],"version-history":[{"count":11,"href":"https:\/\/pmbeauxarts.com\/index.php\/wp-json\/wp\/v2\/pages\/79\/revisions"}],"predecessor-version":[{"id":226,"href":"https:\/\/pmbeauxarts.com\/index.php\/wp-json\/wp\/v2\/pages\/79\/revisions\/226"}],"wp:attachment":[{"href":"https:\/\/pmbeauxarts.com\/index.php\/wp-json\/wp\/v2\/media?parent=79"}],"curies":[{"name":"wp","href":"https:\/\/api.w.org\/{rel}","templated":true}]}}